{"id":11,"date":"2022-04-22T02:46:20","date_gmt":"2022-04-22T05:46:20","guid":{"rendered":"http:\/\/deixeviver.org.br\/site\/?page_id=11"},"modified":"2022-04-22T02:46:20","modified_gmt":"2022-04-22T05:46:20","slug":"adote","status":"publish","type":"page","link":"https:\/\/deixeviver.org.br\/site\/adote\/","title":{"rendered":"Colabore"},"content":{"rendered":"<p>Colabore conosco para manter nossos projetos de prote\u00e7\u00e3o animal. Confira nosso estatuto&nbsp;<a href=\"http:\/\/deixeviver.org.br\/site\/wp-content\/uploads\/2014\/11\/estatuto.pdf\">clicando aqui<\/a><\/p>\n<p>&nbsp;<\/p>\n<div class=\"row\"><br class=\"nc\"\/><div class=\"col-xs-6\">\n<h4>Doa\u00e7\u00f5es<\/h4>\n<p>Banco Caixa Econ\u00f4mica Federal<\/p>\n<p><strong>PIX:06.273.131\/0001-29<\/strong><\/p>\n<p>Ag\u00eancia: 250<\/p>\n<p>Opera\u00e7\u00e3o: 003<\/p>\n<p>C\/C: 004547-5<\/p>\n<p><strong>CNPJ\/MF 06.273.131\/0001-29<\/strong><\/p>\n<p><\/p><\/div>\n<p><br class=\"nc\"\/><div class=\"col-xs-6\">\n<h4>Materiais<\/h4>\n<ul>\n<li>Ra\u00e7\u00f5es para c\u00e3es e gatos;<\/li>\n<li>Casinhas;<\/li>\n<li>Coleiras e guias;<\/li>\n<li>Potes para \u00e1gua e ra\u00e7\u00e3o;<\/li>\n<li>Retalhos, len\u00e7\u00f3is, cobertores,toalhas e roupa para c\u00e3es;<\/li>\n<li>Focinheira;<\/li>\n<li>Gaiolas para tratamento de doen\u00e7as e exposi\u00e7\u00e3o nas feiras de ado\u00e7\u00e3o;<\/li>\n<li>Caixas de transporte para c\u00e3es e gatos;<\/li>\n<li>Banheiro e areias para gatos;<\/li>\n<li>Jornais;<\/li>\n<li>Verm\u00edfugos para c\u00e3es e gatos;<\/li>\n<li>Vacinas V8, tr\u00edplice felina e antirr\u00e1bica.<\/li>\n<li>Antipulgas e carrapatos para c\u00e3es e gatos;<\/li>\n<li>Medicamentos:Antibi\u00f3ticos, anti-inflamat\u00f3rios, analg\u00e9sicos, etc.<\/li>\n<\/ul>\n<p><\/p><\/div><\/p>\n<p style=\"text-align: left;\"><\/p><\/div>\n<h4>Aceitamos doa\u00e7\u00f5es em nossa sede<\/h4>\n<p class=\"_04xlpA direction-ltr align-start para-style-body\"><span class=\"JsGRdQ\">Nosso ponto de coleta fica:<\/span><\/p>\n<p class=\"_04xlpA direction-ltr align-start para-style-body\"><span class=\"JsGRdQ\">Rua Quinze de Novembro, 72 &#8211; sobre loja &#8211; CEP 07011-030.<\/span><\/p>\n<p class=\"_04xlpA direction-ltr align-start para-style-body\"><span class=\"JsGRdQ\">Centro De Guarulhos, S\u00e3o Paulo.<\/span><\/p>\n<p class=\"_04xlpA direction-ltr align-start para-style-body\">Segunda a Sexta &#8211; 9h \u00e0s 17h.<\/p>\n<div>\n<p>(11) 98698-0040<\/p>\n<div>\n<p>(11) 2440-9523<\/p>\n<\/div>\n<\/div>\n\n\n<div class=\"wp-block-image\"><figure class=\"aligncenter size-large\"><a href=\"http:\/\/deixeviver.org.br\/site\/wp-content\/uploads\/2022\/04\/Doacoes.png\"><img decoding=\"async\" loading=\"lazy\" width=\"580\" height=\"580\" src=\"http:\/\/deixeviver.org.br\/site\/wp-content\/uploads\/2022\/04\/Doacoes-580x580.png\" alt=\"\" class=\"wp-image-2491\" srcset=\"https:\/\/deixeviver.org.br\/site\/wp-content\/uploads\/2022\/04\/Doacoes-580x580.png 580w, https:\/\/deixeviver.org.br\/site\/wp-content\/uploads\/2022\/04\/Doacoes-300x300.png 300w, https:\/\/deixeviver.org.br\/site\/wp-content\/uploads\/2022\/04\/Doacoes-150x150.png 150w, https:\/\/deixeviver.org.br\/site\/wp-content\/uploads\/2022\/04\/Doacoes-768x768.png 768w, https:\/\/deixeviver.org.br\/site\/wp-content\/uploads\/2022\/04\/Doacoes-860x860.png 860w, https:\/\/deixeviver.org.br\/site\/wp-content\/uploads\/2022\/04\/Doacoes-90x90.png 90w, https:\/\/deixeviver.org.br\/site\/wp-content\/uploads\/2022\/04\/Doacoes.png 1080w\" sizes=\"(max-width: 580px) 100vw, 580px\" \/><\/a><\/figure><\/div>\n","protected":false},"excerpt":{"rendered":"<p>Colabore conosco para manter nossos projetos de prote\u00e7\u00e3o animal. Confira nosso estatuto&nbsp;clicando aqui &nbsp; Aceitamos doa\u00e7\u00f5es em nossa sede Nosso ponto de coleta fica: Rua Quinze de Novembro, 72 &#8211; sobre loja &#8211; CEP 07011-030. Centro De Guarulhos, S\u00e3o Paulo. Segunda a Sexta &#8211; 9h \u00e0s 17h. (11) 98698-0040 (11) 2440-9523<\/p>\n","protected":false},"author":1,"featured_media":0,"parent":0,"menu_order":0,"comment_status":"closed","ping_status":"open","template":"","meta":[],"_links":{"self":[{"href":"https:\/\/deixeviver.org.br\/site\/wp-json\/wp\/v2\/pages\/11"}],"collection":[{"href":"https:\/\/deixeviver.org.br\/site\/wp-json\/wp\/v2\/pages"}],"about":[{"href":"https:\/\/deixeviver.org.br\/site\/wp-json\/wp\/v2\/types\/page"}],"author":[{"embeddable":true,"href":"https:\/\/deixeviver.org.br\/site\/wp-json\/wp\/v2\/users\/1"}],"replies":[{"embeddable":true,"href":"https:\/\/deixeviver.org.br\/site\/wp-json\/wp\/v2\/comments?post=11"}],"version-history":[{"count":24,"href":"https:\/\/deixeviver.org.br\/site\/wp-json\/wp\/v2\/pages\/11\/revisions"}],"predecessor-version":[{"id":2492,"href":"https:\/\/deixeviver.org.br\/site\/wp-json\/wp\/v2\/pages\/11\/revisions\/2492"}],"wp:attachment":[{"href":"https:\/\/deixeviver.org.br\/site\/wp-json\/wp\/v2\/media?parent=11"}],"curies":[{"name":"wp","href":"https:\/\/api.w.org\/{rel}","templated":true}]}}