{"id":170,"date":"2014-11-06T18:22:30","date_gmt":"2014-11-06T18:22:30","guid":{"rendered":"http:\/\/deixeviver.org.br\/site\/?page_id=170"},"modified":"2018-07-13T16:51:46","modified_gmt":"2018-07-13T18:51:46","slug":"voluntariado","status":"publish","type":"page","link":"https:\/\/deixeviver.org.br\/site\/infos\/voluntariado\/","title":{"rendered":"Voluntariado"},"content":{"rendered":"<p>A Associa\u00e7\u00e3o de prote\u00e7\u00e3o e valoriza\u00e7\u00e3o da vida animal \u2013 Deixe viver \u00e9 uma entidade ambientalista n\u00e3o governamental, sem fins lucrativos ou partid\u00e1rios, preocupada em combater a todas as formas a viol\u00eancia cometidas contra os animais e conscientizar a popula\u00e7\u00e3o sobre a guarda\u00a0de um animal dom\u00e9stico. Como todas as ONGs precisamos muito do trabalho volunt\u00e1rio para manter e expandir nossas a\u00e7\u00f5es.<\/p>\n<p>Ser volunt\u00e1rio inclui diversas atividades:<\/p>\n<ul>\n<li><strong>Palestras e campanhas de conscientiza\u00e7\u00e3o:<\/strong> Profissionais ligados ao mercado pet, ao meio ambiente e ativistas da causa animal que possam multiplicas seus conhecimentos para a educa\u00e7\u00e3o da popula\u00e7\u00e3o sobre o assunto.<\/li>\n<li><strong>Projeto e capta\u00e7\u00e3o de recursos:<\/strong> Existem muitas formas de captar recursos que n\u00e3o somente a doa\u00e7\u00e3o financeira. Elaborar projetos e coloc\u00e1-los em pr\u00e1tica \u00e9 uma das atividades do voluntariado.<\/li>\n<li><strong>Eventos de ado\u00e7\u00e3o de pets:<\/strong> Quanto mais pessoas podem acompanhar os eventos, ajuda na manuten\u00e7\u00e3o dos pets e no atendimento dos poss\u00edveis adotantes.<\/li>\n<li><strong>Manifesta\u00e7\u00f5es e protestos:<\/strong> A causa animal tem ganhado visibilidade e respeito, por\u00e9m ainda estamos longe do ideal, precisamos de todo o apoio e presen\u00e7a em manifesta\u00e7\u00f5es e protestos para atingir a mais pessoas com a nossa mensagem de respeito a vida e ao meio ambiente.<\/li>\n<li><strong>Legisla\u00e7\u00e3o e pol\u00edtica:<\/strong> Apoio jur\u00eddico \u00e9 sempre necess\u00e1rio para seguir a legisla\u00e7\u00e3o que j\u00e1 temos em vig\u00eancia, al\u00e9m de fazer valer os direitos j\u00e1 conquistados. E o apoio a novas pol\u00edticas p\u00fablicas para a conscientiza\u00e7\u00e3o da popula\u00e7\u00e3o.<\/li>\n<li><strong>Banho e tosa:<\/strong> A maioria dos pets resgatados necessitam de cuidados n\u00e3o somente por est\u00e9tica, mas tamb\u00e9m por quest\u00f5es de sa\u00fade. Tamb\u00e9m para os eventos de doa\u00e7\u00f5es, deixamos os pets limpos e bonitos para sua chegada no seu novo lar.<\/li>\n<li><strong>Coleta de doa\u00e7\u00f5es:<\/strong> Quando recebemos doa\u00e7\u00f5es de ra\u00e7\u00e3o ou material de limpeza, nem sempre quem doa pode entregar, os volunt\u00e1rios podem se disponibilizar a retirar as doa\u00e7\u00f5es.<\/li>\n<\/ul>\n<p>Ser volunt\u00e1rio \u00e9 uma forma de ajudar que demanda poucas horas da semana. \u00c9 gratificante saber que com a\u00e7\u00f5es simples estamos ajudando \u00e0 causa pet e ao meio ambiente, contribuindo para um mundo melhor para todos. Para ser volunt\u00e1rio entre em contato conosco: voluntarios.deixeviver@gmail.com\u00a0(11) 2440.9523.<\/p>\n<p><strong><span style=\"color: #ff0000;\">Aten\u00e7\u00e3o: menores de idade podem tamb\u00e9m ser volunt\u00e1rios, desde que acompanhados dos adultos respons\u00e1veis legais.<\/span><\/strong><\/p>\n","protected":false},"excerpt":{"rendered":"<p>A Associa\u00e7\u00e3o de prote\u00e7\u00e3o e valoriza\u00e7\u00e3o da vida animal \u2013 Deixe viver \u00e9 uma entidade ambientalista n\u00e3o governamental, sem fins lucrativos ou partid\u00e1rios, preocupada em combater a todas as formas a viol\u00eancia cometidas contra os animais e conscientizar a popula\u00e7\u00e3o sobre a guarda\u00a0de um animal dom\u00e9stico. Como todas as ONGs precisamos muito do trabalho volunt\u00e1rio [&#8230;]<\/p>\n","protected":false},"author":1,"featured_media":0,"parent":41,"menu_order":0,"comment_status":"closed","ping_status":"open","template":"","meta":[],"_links":{"self":[{"href":"https:\/\/deixeviver.org.br\/site\/wp-json\/wp\/v2\/pages\/170"}],"collection":[{"href":"https:\/\/deixeviver.org.br\/site\/wp-json\/wp\/v2\/pages"}],"about":[{"href":"https:\/\/deixeviver.org.br\/site\/wp-json\/wp\/v2\/types\/page"}],"author":[{"embeddable":true,"href":"https:\/\/deixeviver.org.br\/site\/wp-json\/wp\/v2\/users\/1"}],"replies":[{"embeddable":true,"href":"https:\/\/deixeviver.org.br\/site\/wp-json\/wp\/v2\/comments?post=170"}],"version-history":[{"count":6,"href":"https:\/\/deixeviver.org.br\/site\/wp-json\/wp\/v2\/pages\/170\/revisions"}],"predecessor-version":[{"id":1559,"href":"https:\/\/deixeviver.org.br\/site\/wp-json\/wp\/v2\/pages\/170\/revisions\/1559"}],"up":[{"embeddable":true,"href":"https:\/\/deixeviver.org.br\/site\/wp-json\/wp\/v2\/pages\/41"}],"wp:attachment":[{"href":"https:\/\/deixeviver.org.br\/site\/wp-json\/wp\/v2\/media?parent=170"}],"curies":[{"name":"wp","href":"https:\/\/api.w.org\/{rel}","templated":true}]}}