{"id":32,"date":"2014-11-06T13:42:54","date_gmt":"2014-11-06T13:42:54","guid":{"rendered":"http:\/\/deixeviver.org.br\/site\/?page_id=32"},"modified":"2014-11-06T17:22:02","modified_gmt":"2014-11-06T17:22:02","slug":"como-cuidar","status":"publish","type":"page","link":"https:\/\/deixeviver.org.br\/site\/cuidados\/como-cuidar\/","title":{"rendered":"Como cuidar"},"content":{"rendered":"<h3>Como Cuidar do seu animal<\/h3>\n<h4>\u00c1gua e Comida<\/h4>\n<ul>\n<li>Mantenha a vasilha cheia de \u00e1gua fresca.<\/li>\n<li>Se voc\u00ea vai passar o dia todo fora coloque mais de uma vasilha com \u00e1gua espalhada pela casa<\/li>\n<li>Se o seu cachorro gosta de virar a \u00e1gua toda no ch\u00e3o para deitar em cima e se refrescar, saiba que existem no mercado pratinhos especiais, que pesam e s~~ao muito mais dificeis de serem virados.<\/li>\n<li>Se o seu cachorro fica do lado de fora da casa, certifique-se de que o prato de \u00c1gua est\u00e1 sempre na sombra.<\/li>\n<\/ul>\n<h4>Cuidado Extra com a ra\u00e7\u00e3o<\/h4>\n<ul>\n<li>Com a tramperatura ambiente muito alta elas estragam muito f\u00e1cil.<\/li>\n<li>Para Cachorros que s\u00e3o alimentados com comida de panela, ou de lata \u00e9 preciso que a comida esteja bem refrigerada enquanto n\u00e3o estiver sendo servida.<\/li>\n<li>Se o seu cachorro s\u00f3 come ra\u00e7\u00e3o seca verifique se ela estpa guardada num lugar fresco, seco e ventilado<\/li>\n<li>N\u00e3o deixe a comida no prato o dia todo. Trinta minutos \u00e9 tempo mais do que o suficiente para que seu cachorro possa comer com calma.<\/li>\n<li>Se for comida de panela ou de lata n\u00e3o misture com o resto que estava na geladeira. Se for ra\u00e7\u00e3o seca cheque primeiro para ver se a ra\u00e7\u00e3o restante n\u00e3o est\u00e1 umida ou babada. Se estiver \u00e9 melhor jogar fora, pois ra\u00e7\u00e3o molhada pode fermentar e deixar o seu cachorro doente.<\/li>\n<\/ul>\n<h4>Em casa ou no apartamento<\/h4>\n<ul>\n<li>Se voc\u00ea mora em casa: preste aten\u00e7\u00e3o se o seu cachorro tem uma \u00e1rea bem abrigada do sol e das chuvas de ver\u00e3o para descansar em todas as horas do dias.<\/li>\n<li>Se voc\u00ea mora num apartamento e costuma trancar o seu cachorro quando precisa sair, procure deixz-lo na cozinha ou na \u00e1rea de servi\u00e7o onde ele pode ficar bem abrigado e ao mesmo tempo ter vential\u00e7\u00e3o suficiente.<\/li>\n<li>Evite trancar o seu cachorro em banheiros, quartos de empregada e varandas, especialmente se eles recebem o sol da tarde.<\/li>\n<\/ul>\n<h4>Techibum<\/h4>\n<ul>\n<li>Piscinas deveriam receber aten\u00e7\u00e3o extra em todos os dias do ano, mas no ver\u00e3o \u00e9 ainda mais perigoso.<\/li>\n<li>Cuidados com port\u00f5es abertos&#8230; seu c\u00e3o pode resolver dar um mergulhinho s\u00f3 para refrescar ou para brincar com as crian\u00e7as.<\/li>\n<li>Se o seu cachorro n\u00e3o foi acostumado desde pequenininho a entrar e principalmente a sair da piscina sozinho, as chances de um acidente s\u00e3o grandes. Poucos c\u00e3es conseguem sair de uma piscina pelas escadas verticais. A<\/li>\n<li>A grande maioria morre afogado por pura exaust\u00e3o.<\/li>\n<li>Cuidado tamb\u00e9m com crian\u00e7as e cachorros grandes brincando sozinho numa piscina, especialmente se a priscina for funda. Um cachorro pode entrar em p\u00e2nico e ao tentar se apoias numa crian\u00e7a para sair da \u00e1gua pode acabar, causando o afogamento dos pequenos. Al\u00e9m disso, arranh\u00f5es no rosto e corpo s\u00e3o comuns de acontecer. N\u00e3o deixe crian\u00e7as pequenas pu cachorros perto de piscinas sem supervis\u00e3o.<\/li>\n<\/ul>\n<h4 class=\"caption\">Caminhadas<\/h4>\n<ul>\n<li class=\"caption\">Para quem leva seu peludo para fazer as necessidades na rua, ou simplesmente tem o h\u00e1bito de passear todos os dias, procure fazer as caminhadas mais longas s\u00f3 no iniciozinho da manha\u00e3 ou no final da tarde, Na hora do almo\u00e7o deixe-o apenas fazer as necessidades e volte para casa.<\/li>\n<li class=\"caption\">Para quem gosta de longas caominhadas lembre-se o cachorro precisa estar bem preparado fisicamente antes de iniciar um programa rigido de exercicios.<\/li>\n<li class=\"caption\">Cachorros velhinhos ou obesos tamb\u00e9m precisam ir devagar. N\u00e3o force o seu cachorro a andar se ele apresenta sinais de exaust\u00e3o.<\/li>\n<li>Pare varias vezes a sombra de de \u00e1gua para o seu cachorro frequentemente.<\/li>\n<\/ul>\n<h4>No carro n\u00e3o<\/h4>\n<ul>\n<li>NUNCA deixe cachorro no carro fechado nem por poucos minutos, nem que as janelas estejam um pouco abertas. A temperatura dentro de um autom\u00f3vel pode chegar a 60 graus, centigrados em poucos minutos num dia quente.<\/li>\n<\/ul>\n<h4>Prevenir \u00e9 bom<\/h4>\n<ul>\n<li>Mantenha seu cachorro na coleira o tempo todo e providencie uma medalhinha de identifica\u00e7\u00e3o como o nome do c\u00e3o e o seu endere\u00e7o e telefone, inclusive c\u00f3digo de \u00e1rea. At\u00e9 o cachorro mais obediente do mundo pode se sentir tentado a explorar uma vizinhan\u00e7a nova e acabar se perdendo.<\/li>\n<li>Voc\u00ea \u00e9 respons\u00e1vel por ele. Sejam quais forem os seus planos de f\u00e9rias ou passeios com o seu cachorro lembre-se que voc\u00ea \u00e9 o respons\u00e1vel pelos atos do seu animal.<\/li>\n<\/ul>\n","protected":false},"excerpt":{"rendered":"<p>Como Cuidar do seu animal \u00c1gua e Comida Mantenha a vasilha cheia de \u00e1gua fresca. Se voc\u00ea vai passar o dia todo fora coloque mais de uma vasilha com \u00e1gua espalhada pela casa Se o seu cachorro gosta de virar a \u00e1gua toda no ch\u00e3o para deitar em cima e se refrescar, saiba que existem [&#8230;]<\/p>\n","protected":false},"author":1,"featured_media":0,"parent":30,"menu_order":0,"comment_status":"closed","ping_status":"open","template":"","meta":[],"_links":{"self":[{"href":"https:\/\/deixeviver.org.br\/site\/wp-json\/wp\/v2\/pages\/32"}],"collection":[{"href":"https:\/\/deixeviver.org.br\/site\/wp-json\/wp\/v2\/pages"}],"about":[{"href":"https:\/\/deixeviver.org.br\/site\/wp-json\/wp\/v2\/types\/page"}],"author":[{"embeddable":true,"href":"https:\/\/deixeviver.org.br\/site\/wp-json\/wp\/v2\/users\/1"}],"replies":[{"embeddable":true,"href":"https:\/\/deixeviver.org.br\/site\/wp-json\/wp\/v2\/comments?post=32"}],"version-history":[{"count":4,"href":"https:\/\/deixeviver.org.br\/site\/wp-json\/wp\/v2\/pages\/32\/revisions"}],"predecessor-version":[{"id":133,"href":"https:\/\/deixeviver.org.br\/site\/wp-json\/wp\/v2\/pages\/32\/revisions\/133"}],"up":[{"embeddable":true,"href":"https:\/\/deixeviver.org.br\/site\/wp-json\/wp\/v2\/pages\/30"}],"wp:attachment":[{"href":"https:\/\/deixeviver.org.br\/site\/wp-json\/wp\/v2\/media?parent=32"}],"curies":[{"name":"wp","href":"https:\/\/api.w.org\/{rel}","templated":true}]}}