{"id":43,"date":"2014-11-06T13:46:20","date_gmt":"2014-11-06T13:46:20","guid":{"rendered":"http:\/\/deixeviver.org.br\/site\/?page_id=43"},"modified":"2015-10-14T16:31:55","modified_gmt":"2015-10-14T18:31:55","slug":"legislacao","status":"publish","type":"page","link":"https:\/\/deixeviver.org.br\/site\/infos\/legislacao\/","title":{"rendered":"Legisla\u00e7\u00e3o"},"content":{"rendered":"<h5 align=\"justify\"><strong>LEI N\u00ba 6.033, DE 5 DE JULHO DE 2004.<\/strong><br \/>\nAutor: \u00a0Vereador Jos\u00e9 Luis Ferreira Guimar\u00e3es.<br \/>\nLEI DE CONTROLE DE ZOONOSES E BEM-ESTAR ANIMAL DO MUNIC\u00cdPIO DE GUARULHOS.<\/h5>\n<h5 align=\"justify\"><\/h5>\n<h5 align=\"justify\"><strong>LEI N\u00ba 14.014 DE 30 DE JUNHO DE 2005<br \/>\n<\/strong><strong>PROJETO LEI N\u00ba 862\/2003<br \/>\n<\/strong><strong>Autor:<\/strong> Vereador Roger Lin<br \/>\nPRO\u00cdBE, NO \u00c2MBITO DO MUNIC\u00cdPIO DE S\u00c3O PAULO, A UTILIZA\u00c7\u00c3O DE ANIMAIS DE QUALQUER ESP\u00c9CIE EM APRESENTA\u00c7\u00c3O DE CIRCOS E CONG\u00caNERES, E D\u00c1 OUTRAS PROVID\u00caNCIA.<\/h5>\n<h5 align=\"justify\"><\/h5>\n<h5 align=\"justify\"><strong>LEI N\u00ba 11.977 DE 25 DE AGOSTO DE 2005<br \/>\n<\/strong><strong>PROJETO DE LEI N\u00ba 707\/2003<br \/>\n<\/strong><strong>Autor:<\/strong> Deputado Ricardo Tr\u00edpoli<br \/>\nINSTITUI O C\u00d3DIGO DE PROTE\u00c7\u00c3O AOS ANIMAIS DO ESTADO E D\u00c1 OUTRAS PROVID\u00caNCIAS.<\/h5>\n<h5 align=\"justify\"><\/h5>\n<h5 align=\"justify\"><strong>LEI N\u00ba\u00a014.483 DE\u00a016 DE\u00a0JULHO \u00a0DE 2007<br \/>\n<\/strong><strong>PROJETO DE LEI N\u00ba 243\/2007<br \/>\n<\/strong><strong>Autor:<\/strong> Vereador Roberto Tripoli<br \/>\nREGULAMENTA A CRIA\u00c7\u00c3O COMERCIAL E A VENDA DE C\u00c3ES E GATOS NO MUNIC\u00cdPIO DE S\u00c3O PAULO<\/h5>\n<p align=\"justify\">\n","protected":false},"excerpt":{"rendered":"<p>LEI N\u00ba 6.033, DE 5 DE JULHO DE 2004. Autor: \u00a0Vereador Jos\u00e9 Luis Ferreira Guimar\u00e3es. LEI DE CONTROLE DE ZOONOSES E BEM-ESTAR ANIMAL DO MUNIC\u00cdPIO DE GUARULHOS. LEI N\u00ba 14.014 DE 30 DE JUNHO DE 2005 PROJETO LEI N\u00ba 862\/2003 Autor: Vereador Roger Lin PRO\u00cdBE, NO \u00c2MBITO DO MUNIC\u00cdPIO DE S\u00c3O PAULO, A UTILIZA\u00c7\u00c3O DE [&#8230;]<\/p>\n","protected":false},"author":1,"featured_media":0,"parent":41,"menu_order":0,"comment_status":"closed","ping_status":"open","template":"","meta":[],"_links":{"self":[{"href":"https:\/\/deixeviver.org.br\/site\/wp-json\/wp\/v2\/pages\/43"}],"collection":[{"href":"https:\/\/deixeviver.org.br\/site\/wp-json\/wp\/v2\/pages"}],"about":[{"href":"https:\/\/deixeviver.org.br\/site\/wp-json\/wp\/v2\/types\/page"}],"author":[{"embeddable":true,"href":"https:\/\/deixeviver.org.br\/site\/wp-json\/wp\/v2\/users\/1"}],"replies":[{"embeddable":true,"href":"https:\/\/deixeviver.org.br\/site\/wp-json\/wp\/v2\/comments?post=43"}],"version-history":[{"count":5,"href":"https:\/\/deixeviver.org.br\/site\/wp-json\/wp\/v2\/pages\/43\/revisions"}],"predecessor-version":[{"id":759,"href":"https:\/\/deixeviver.org.br\/site\/wp-json\/wp\/v2\/pages\/43\/revisions\/759"}],"up":[{"embeddable":true,"href":"https:\/\/deixeviver.org.br\/site\/wp-json\/wp\/v2\/pages\/41"}],"wp:attachment":[{"href":"https:\/\/deixeviver.org.br\/site\/wp-json\/wp\/v2\/media?parent=43"}],"curies":[{"name":"wp","href":"https:\/\/api.w.org\/{rel}","templated":true}]}}