{"id":45,"date":"2014-11-06T13:46:41","date_gmt":"2014-11-06T13:46:41","guid":{"rendered":"http:\/\/deixeviver.org.br\/site\/?page_id=45"},"modified":"2014-11-06T17:38:16","modified_gmt":"2014-11-06T17:38:16","slug":"vegetarianismo","status":"publish","type":"page","link":"https:\/\/deixeviver.org.br\/site\/infos\/vegetarianismo\/","title":{"rendered":"Vegetarianismo"},"content":{"rendered":"<h3>A CRIA\u00c7\u00c3O DE ANIMAIS PARA CONSUMO HUMANO DEGRADA A TERRA:<\/h3>\n<h3><\/h3>\n<p>Cerca de 80% das \u00e1reas cultiv\u00e1veis s\u00e3o usadas para a cria\u00e7\u00e3o de animais. Em 1 hectare de terra podem ser plantados 22.500 kg de batatas e apenas 185 kg de carne bovina&#8230;. DESPERDI\u00c7A \u00c1GUA: s\u00e3o necess\u00e1rios de 20 a 30 mil litros de \u00e1gua para produzir 1 kg de carne. Para a mesma quantia de trigo, \u00e9 preciso apenas 150 litros de \u00e1gua&#8230;. ESTIMULA O DESMATAMENTO: a cria\u00e7\u00e3o de animais de corte \u00e9 respons\u00e1vel por 90% do desmatamento de florestas tropicais. Para cada hamb\u00farguer de carne bovina, s\u00e3o necess\u00e1rios 50 m quadrados de \u00e1rea de floresta&#8230;. POLUI A \u00c1GUA: somente os animais criados para o consumo nos Estados Unidos produzem uma quantidade de excrementos 130 vezes maior do que a de toda a popula\u00e7\u00e3o mundial. Uma cria\u00e7\u00e3o de porcos m\u00e9dia produz tantos excrementos quanto uma cidade com 12 mil \u00a0habitantes&#8230;. DESPERDI\u00c7A ENERGIA: nos EUA, mais de um ter\u00e7o de todas as mat\u00e9rias-primas e dos combust\u00edveis f\u00f3sseis s\u00e3o usados na cria\u00e7\u00e3o de animais para consumo humano. A produ\u00e7\u00e3o de um \u00fanico hamb\u00farguer consome a mesma quantidade de combust\u00edvel f\u00f3ssil que um carro popular em um percurso de 32 km. \u2013 Afixado no mural do TJMG \u2013 Fonte: O Tempo \u2013 27.11.06<br \/>\nSe algu\u00e9m ponderar que come apenas frango, tamb\u00e9m \u00e9 respons\u00e1vel pela queima das florestas e dos seus habitantes (p\u00e1ssaros, on\u00e7as, tamandu\u00e1, esquilos, pacas, lagartos etc), aumentando a escassez de \u00e1gua e o efeito estufa, j\u00e1 que os gr\u00e3os utilizados para a alimenta\u00e7\u00e3o desses b\u00edpedes v\u00eam dessas \u00e1reas devastadas. Da mesma forma o peixe, que, para ser conservado, consome muita energia f\u00f3ssil, poluindo ainda mais o ambiente. Quem n\u00e3o mudar a sua alimenta\u00e7\u00e3o e, ainda, reclamar da destrui\u00e7\u00e3o do Planeta, \u00e9, no m\u00ednimo, um demagogo \u2013 ou P\u00f4ncio Pilatos. Sem falar que, tamb\u00e9m, \u00e9 &#8211; superlativo sint\u00e9tico absoluto \u00a0de cruel \u00a0&#8211; crudel\u00edssimo (ou cruel\u00edssimo) com os animais.<br \/>\nA vingan\u00e7a dos animais mortos vem em forma de depress\u00e3o, colesterol alto, enfartos, c\u00e2nceres, gota, viol\u00eancia etc (acrescidos de seca, inunda\u00e7\u00f5es, calor, furac\u00f5es, falta d\u00b4\u00e1gua e alimentos, guerras, efeito estufa&#8230;) ou voc\u00ea pensa que na hora da morte desses inocentes n\u00e3o h\u00e1 nenhuma contamina\u00e7\u00e3o? Ser\u00e1 que esse alimento (???) n\u00e3o est\u00e1 plasmado de medo, dor, sofrimento e desesperan\u00e7a? Se os matadouros (ou assassinadouros) tivessem as paredes de vidros, ningu\u00e9m mais comeria carne. Mahatma Gandhi disse certa vez que \u201cA grandeza de uma na\u00e7\u00e3o e de seu progresso moral pode ser julgado pela maneira com que seus animais s\u00e3o tratados\u201d.<br \/>\nA situa\u00e7\u00e3o se complica a cada dia e h\u00e1 situa\u00e7\u00f5es que j\u00e1 s\u00e3o irrevers\u00edveis. O Planeta ficar\u00e1 para as gera\u00e7\u00f5es futuras, mas, at\u00e9 que o deixemos, \u00e9 imperioso que o tratemos com mais carinho e zelo. Se fosse a nossa casa que estivesse para ruir ou explodir, agir\u00edamos com esse total descaso?<br \/>\nAdotar uma dieta vegetariana \u00e9 uma forma simples de consumir sem agredir o meio ambiente, enquanto que h\u00e1bitos alimentares com predomin\u00e2ncia de comida industrializada e rica em prote\u00edna animal contribuem diretamente para um dos problemas ambientais que mais amea\u00e7am o mundo: o aquecimento global. Alimentos naturais restauram nossa sa\u00fade e reequilibram as nossas energias. Ao se alimentar, consumir em excesso, n\u00e3o reciclar, poluir, reclamar e nada fazer, pense no seu filho que herdar\u00e1 esse verdadeiro lix\u00e3o, outrora um lindo e apraz\u00edvel planeta. Reflita e aja, n\u00e3o espere pelo outro, que pode estar esperando, tamb\u00e9m, por voc\u00ea.<\/p>\n","protected":false},"excerpt":{"rendered":"<p>A CRIA\u00c7\u00c3O DE ANIMAIS PARA CONSUMO HUMANO DEGRADA A TERRA: Cerca de 80% das \u00e1reas cultiv\u00e1veis s\u00e3o usadas para a cria\u00e7\u00e3o de animais. Em 1 hectare de terra podem ser plantados 22.500 kg de batatas e apenas 185 kg de carne bovina&#8230;. DESPERDI\u00c7A \u00c1GUA: s\u00e3o necess\u00e1rios de 20 a 30 mil litros de \u00e1gua para [&#8230;]<\/p>\n","protected":false},"author":1,"featured_media":0,"parent":41,"menu_order":0,"comment_status":"closed","ping_status":"open","template":"","meta":[],"_links":{"self":[{"href":"https:\/\/deixeviver.org.br\/site\/wp-json\/wp\/v2\/pages\/45"}],"collection":[{"href":"https:\/\/deixeviver.org.br\/site\/wp-json\/wp\/v2\/pages"}],"about":[{"href":"https:\/\/deixeviver.org.br\/site\/wp-json\/wp\/v2\/types\/page"}],"author":[{"embeddable":true,"href":"https:\/\/deixeviver.org.br\/site\/wp-json\/wp\/v2\/users\/1"}],"replies":[{"embeddable":true,"href":"https:\/\/deixeviver.org.br\/site\/wp-json\/wp\/v2\/comments?post=45"}],"version-history":[{"count":2,"href":"https:\/\/deixeviver.org.br\/site\/wp-json\/wp\/v2\/pages\/45\/revisions"}],"predecessor-version":[{"id":142,"href":"https:\/\/deixeviver.org.br\/site\/wp-json\/wp\/v2\/pages\/45\/revisions\/142"}],"up":[{"embeddable":true,"href":"https:\/\/deixeviver.org.br\/site\/wp-json\/wp\/v2\/pages\/41"}],"wp:attachment":[{"href":"https:\/\/deixeviver.org.br\/site\/wp-json\/wp\/v2\/media?parent=45"}],"curies":[{"name":"wp","href":"https:\/\/api.w.org\/{rel}","templated":true}]}}