{"id":47,"date":"2014-11-06T13:47:04","date_gmt":"2014-11-06T13:47:04","guid":{"rendered":"http:\/\/deixeviver.org.br\/site\/?page_id=47"},"modified":"2015-10-15T17:10:54","modified_gmt":"2015-10-15T19:10:54","slug":"denuncias","status":"publish","type":"page","link":"https:\/\/deixeviver.org.br\/site\/infos\/denuncias\/","title":{"rendered":"Den\u00fancias"},"content":{"rendered":"<h3 align=\"center\"><strong>Qualquer cidad\u00e3o pode fazer uma denuncia se considerar que um animal esta sendo maltratado.<\/strong><\/h3>\n<p><strong><br \/>\nPara fazer uma denuncia entre em contato com a Delegacia de Meio Ambiente &#8211; Rua Silvestre Vasconcelos Calmon, 296\u00a0 ou no Controle de Zoonozes &#8211; Rua Santa Cruz do Descalvado, 506 &#8211; Bonsucesso ou\u00a0procurar o poupatempo e formalizar uma denuncia,\u00a0munido do endere\u00e7o completo onde o animal se encontra e do maior n\u00famero de informa\u00e7\u00f5es poss\u00edveis sobre a situa\u00e7\u00e3o do animal ou<br \/>\nentre no site: <a href=\"http:\/\/www.guarulhos.sp.gov.br\/\" target=\"_blank\">www.guarulhos.sp.gov.br<\/a><\/strong><\/p>\n<p><strong>Clique no Portal de Servi\u00e7os da Rede F\u00e1cil\u00a0 que fica do lado esquerdo da p\u00e1gina, depois em Guia de Servi\u00e7os e l\u00e1 embaixo em VIGIL\u00c2NCIA E SA\u00daDE clique em Den\u00fancia e Fiscaliza\u00e7\u00e3o. Abrindo a p\u00e1gina clique em Den\u00fancias relacionadas a animais dom\u00e9sticos. Para finalizar clique no servi\u00e7o ON LINE que fica piscando e pronto, fa\u00e7a a sua den\u00fancia.<br \/>\n\u00c9 necess\u00e1rio que se cadastre e forne\u00e7a o CPF, mas isto n\u00e3o \u00e9 problema n\u00e3o \u00e9 mesmo, afinal um animal esta sofrendo. O denunciado (a) n\u00e3o fica sabendo o nome do denunciante.<br \/>\nEles d\u00e3o um prazo de 10 dias, mas costumam ir ao local antes. Se o animal estiver em risco de morte, preso em algum lugar sem poder se mexer: Chame: Policia 190, Bombeiro 193 ou CCZ 2436-3666<\/strong><\/p>\n<p>&nbsp;<\/p>\n<p>ATEN\u00c7\u00c3O: SOMENTE ANIMAIS SILVESTRES<\/p>\n<p>Telefone para den\u00fancia de maus tratos aos animais &#8211; Linha Verde 0800-61-8080<br \/>\n<a href=\"http:\/\/www.ibama.gov.br\/linhaverde\/home.htm\" target=\"_blank\">http:\/\/www.ibama.gov.br\/linhaverde\/home.htm<\/a><\/p>\n<p>LEI MUNICIPAL<br \/>\nLEI N\u00ba 6.033 DE 5 DE JULHO DE 2004.<br \/>\nCAPITULO 3 ART. 10 QUE DEFINE MAUS \u2013 TRATOS.<\/p>\n<p>V- maus-tratos contra animais:Toda e qualquer a\u00e7\u00e3o ou omiss\u00e3o voltada aos animais que lhes acarrete ferimentos, dor , morte por motivo torpe ou banal ou ferimento decorrente a negligencia ou da pr\u00e1tica de ato cruel ou abusivo, bem como os que mais dispuser as legisla\u00e7\u00f5es federais, estaduais e municipal sobre a mat\u00e9ria, tais como:<\/p>\n<p><strong>a) <\/strong>Mant\u00ea-los sem abrigo ou em lugares impr\u00f3prios;<br \/>\n<strong>b)<\/strong> Deixar de ministrar &#8211; lhe assist\u00eancia veterin\u00e1ria por profissional habilitado quando necess\u00e1rio;<br \/>\n<strong>c)<\/strong>obrig\u00e1-los por trabalho excessivos ou superior as suas for\u00e7as;<br \/>\n<strong>d)<\/strong> castig\u00e1-los, atrav\u00e9s de m\u00e9todos que possam provocar qualquer tipo de dano ou desconforto a sa\u00fade e bem estar do animal, ainda que para aprendizagem ou adestramento;<br \/>\n<strong>e)<\/strong> cri\u00e1-los, mant\u00ea-los ou exp\u00f4-los em recintos ex\u00edguos que lhes impe\u00e7am o movimento e descanso;<br \/>\n<strong>f) <\/strong>transport\u00e1-los em ve\u00edculos ou gaiolas inadequadas ao seu bem-estar.<br \/>\n<strong>g) <\/strong>utiliz\u00e1-los em rituais religiosos;<br \/>\n<strong>h)<\/strong>utiliz\u00e1-los em lutas entre animais da mesma esp\u00e9cie ou de esp\u00e9cies diferentes;<br \/>\n<strong>i) <\/strong>provocar-lhes a morte por envenenamento.<\/p>\n","protected":false},"excerpt":{"rendered":"<p>Qualquer cidad\u00e3o pode fazer uma denuncia se considerar que um animal esta sendo maltratado. Para fazer uma denuncia entre em contato com a Delegacia de Meio Ambiente &#8211; Rua Silvestre Vasconcelos Calmon, 296\u00a0 ou no Controle de Zoonozes &#8211; Rua Santa Cruz do Descalvado, 506 &#8211; Bonsucesso ou\u00a0procurar o poupatempo e formalizar uma denuncia,\u00a0munido do [&#8230;]<\/p>\n","protected":false},"author":1,"featured_media":0,"parent":41,"menu_order":0,"comment_status":"closed","ping_status":"open","template":"","meta":[],"_links":{"self":[{"href":"https:\/\/deixeviver.org.br\/site\/wp-json\/wp\/v2\/pages\/47"}],"collection":[{"href":"https:\/\/deixeviver.org.br\/site\/wp-json\/wp\/v2\/pages"}],"about":[{"href":"https:\/\/deixeviver.org.br\/site\/wp-json\/wp\/v2\/types\/page"}],"author":[{"embeddable":true,"href":"https:\/\/deixeviver.org.br\/site\/wp-json\/wp\/v2\/users\/1"}],"replies":[{"embeddable":true,"href":"https:\/\/deixeviver.org.br\/site\/wp-json\/wp\/v2\/comments?post=47"}],"version-history":[{"count":5,"href":"https:\/\/deixeviver.org.br\/site\/wp-json\/wp\/v2\/pages\/47\/revisions"}],"predecessor-version":[{"id":763,"href":"https:\/\/deixeviver.org.br\/site\/wp-json\/wp\/v2\/pages\/47\/revisions\/763"}],"up":[{"embeddable":true,"href":"https:\/\/deixeviver.org.br\/site\/wp-json\/wp\/v2\/pages\/41"}],"wp:attachment":[{"href":"https:\/\/deixeviver.org.br\/site\/wp-json\/wp\/v2\/media?parent=47"}],"curies":[{"name":"wp","href":"https:\/\/api.w.org\/{rel}","templated":true}]}}