{"id":59,"date":"2014-11-06T13:52:05","date_gmt":"2014-11-06T13:52:05","guid":{"rendered":"http:\/\/deixeviver.org.br\/site\/?page_id=59"},"modified":"2020-04-15T09:32:05","modified_gmt":"2020-04-15T11:32:05","slug":"contato","status":"publish","type":"page","link":"https:\/\/deixeviver.org.br\/site\/contato\/","title":{"rendered":"Contato"},"content":{"rendered":"<h3>Endere\u00e7o:<\/h3>\n<p>Rua 15 de Novembro, 72 &#8211; Centro<br \/>\nGuarulhos &#8211; SP<\/p>\n<p>Telefone:<\/p>\n<p>11.2440.9523 |\u00a011.98698.0040<\/p>\n<h3>Aten\u00e7\u00e3o:<\/h3>\n<p>N\u00e3o possu\u00edmos abrigo, por isso N\u00c3O RECOLHEMOS ANIMAIS.<\/p>\n<p>Informa\u00e7\u00f5es sobre castra\u00e7\u00e3o\u00a0entrar em contato conosco pelo telefone acima.<\/p>\n","protected":false},"excerpt":{"rendered":"<p>Endere\u00e7o: Rua 15 de Novembro, 72 &#8211; Centro Guarulhos &#8211; SP Telefone: 11.2440.9523 |\u00a011.98698.0040 Aten\u00e7\u00e3o: N\u00e3o possu\u00edmos abrigo, por isso N\u00c3O RECOLHEMOS ANIMAIS. Informa\u00e7\u00f5es sobre castra\u00e7\u00e3o\u00a0entrar em contato conosco pelo telefone acima.<\/p>\n","protected":false},"author":1,"featured_media":0,"parent":0,"menu_order":0,"comment_status":"closed","ping_status":"open","template":"","meta":[],"_links":{"self":[{"href":"https:\/\/deixeviver.org.br\/site\/wp-json\/wp\/v2\/pages\/59"}],"collection":[{"href":"https:\/\/deixeviver.org.br\/site\/wp-json\/wp\/v2\/pages"}],"about":[{"href":"https:\/\/deixeviver.org.br\/site\/wp-json\/wp\/v2\/types\/page"}],"author":[{"embeddable":true,"href":"https:\/\/deixeviver.org.br\/site\/wp-json\/wp\/v2\/users\/1"}],"replies":[{"embeddable":true,"href":"https:\/\/deixeviver.org.br\/site\/wp-json\/wp\/v2\/comments?post=59"}],"version-history":[{"count":3,"href":"https:\/\/deixeviver.org.br\/site\/wp-json\/wp\/v2\/pages\/59\/revisions"}],"predecessor-version":[{"id":160,"href":"https:\/\/deixeviver.org.br\/site\/wp-json\/wp\/v2\/pages\/59\/revisions\/160"}],"wp:attachment":[{"href":"https:\/\/deixeviver.org.br\/site\/wp-json\/wp\/v2\/media?parent=59"}],"curies":[{"name":"wp","href":"https:\/\/api.w.org\/{rel}","templated":true}]}}