{"id":6,"date":"2023-12-18T01:13:08","date_gmt":"2023-12-18T03:13:08","guid":{"rendered":"http:\/\/deixeviver.org.br\/site\/?page_id=6"},"modified":"2023-12-18T01:13:10","modified_gmt":"2023-12-18T03:13:10","slug":"home","status":"publish","type":"page","link":"https:\/\/deixeviver.org.br\/site\/","title":{"rendered":"Home"},"content":{"rendered":"<h3>A Deixe Viver<\/h3>\n<p>A&nbsp; Associa\u00e7\u00e3o de prote\u00e7\u00e3o e valoriza\u00e7\u00e3o da vida animal \u2013 Deixe viver \u00e9 uma entidade ambientalista n\u00e3o governamental, sem fins lucrativos ou partid\u00e1rios, preocupada em combater a todas as formas a viol\u00eancia cometidas contra os animais e conscientizar a popula\u00e7\u00e3o sobre a guarda de um animal dom\u00e9stico.<br \/>\nSeu projeto \u00e9 investir em a\u00e7\u00f5es educativas junto as crian\u00e7as, com o objetivo de oferecer uma forma\u00e7\u00e3o humana fundamentada no respeito \u00e0 vida.<\/p>\n<p style=\"text-align: right;\"><a class=\"btn btn-md btn-info\" href=\"http:\/\/deixeviver.org.br\/site\/quem-somos\/\">Saiba Mais<\/a><\/p>\n<p style=\"text-align: right;\"><a href=\"http:\/\/deixeviver.org.br\/site\/category\/adocao\/\"><img decoding=\"async\" loading=\"lazy\" class=\"aligncenter wp-image-698 size-full\" src=\"http:\/\/deixeviver.org.br\/site\/wp-content\/uploads\/2014\/11\/BANNERADORE.png\" alt=\"BANNERADORE\" width=\"800\" height=\"164\" srcset=\"https:\/\/deixeviver.org.br\/site\/wp-content\/uploads\/2014\/11\/BANNERADORE.png 800w, https:\/\/deixeviver.org.br\/site\/wp-content\/uploads\/2014\/11\/BANNERADORE-300x62.png 300w, https:\/\/deixeviver.org.br\/site\/wp-content\/uploads\/2014\/11\/BANNERADORE-580x119.png 580w\" sizes=\"(max-width: 800px) 100vw, 800px\" \/><\/a><\/p>\n<div class=\"row\">\n<p><div class=\"col-xs-6\"><a href=\"http:\/\/deixeviver.org.br\/site\/quem-somos\/\"><img decoding=\"async\" loading=\"lazy\" class=\"alignnone wp-image-83 size-full\" src=\"http:\/\/deixeviver.org.br\/site\/wp-content\/uploads\/2014\/11\/bannerhome1.png\" alt=\"bannerhome1\" width=\"446\" height=\"140\" srcset=\"https:\/\/deixeviver.org.br\/site\/wp-content\/uploads\/2014\/11\/bannerhome1.png 446w, https:\/\/deixeviver.org.br\/site\/wp-content\/uploads\/2014\/11\/bannerhome1-300x94.png 300w\" sizes=\"(max-width: 446px) 100vw, 446px\" \/><\/a><\/div><br class=\"nc\"\/><div class=\"col-xs-6\"><a href=\"http:\/\/deixeviver.org.br\/site\/cuidados\/guarda-responsavel\/\"><img decoding=\"async\" loading=\"lazy\" class=\"alignnone wp-image-196 size-full\" src=\"http:\/\/deixeviver.org.br\/site\/wp-content\/uploads\/2014\/11\/bannerhome21.png\" alt=\"\" width=\"446\" height=\"140\" srcset=\"https:\/\/deixeviver.org.br\/site\/wp-content\/uploads\/2014\/11\/bannerhome21.png 446w, https:\/\/deixeviver.org.br\/site\/wp-content\/uploads\/2014\/11\/bannerhome21-300x94.png 300w\" sizes=\"(max-width: 446px) 100vw, 446px\" \/><\/a><\/div><br class=\"nc\"\/><\/p><\/div><br \/>\n<div class=\"row\"><br class=\"nc\"\/><div class=\"col-xs-4\"><\/div>\n<form action=\"https:\/\/pagseguro.uol.com.br\/checkout\/v2\/donation.html\" method=\"post\"><input name=\"currency\" type=\"hidden\" value=\"BRL\"\/><input alt=\"Pague com PagSeguro - \u00e9 r\u00e1pido, gr\u00e1tis e seguro!\" name=\"submit\" src=\"https:\/\/stc.pagseguro.uol.com.br\/public\/img\/botoes\/doacoes\/120x53-doar.gif\" type=\"image\"\/><br \/>\n<input name=\"receiverEmail\" type=\"hidden\" value=\"deixeviver@deixeviver.org.br\"\/><\/form><\/div><\/form>\n<div class=\"col-xs-4\">\n<h3><\/h3>\n<h3>N\u00e3o abandone<\/h3>\n<p><img decoding=\"async\" loading=\"lazy\" class=\"alignnone size-full wp-image-165\" src=\"http:\/\/deixeviver.org.br\/site\/wp-content\/uploads\/2014\/11\/img01.png\" alt=\"img01\" width=\"253\" height=\"140\"\/><\/p>\n<p>A Deixe Viver n\u00e3o possui abrigo. Abandonar animais \u00e9 crime Federal, Lei 9605\/98. Denuncie.<\/p>\n<a class=\"btn btn-md btn-info\" href=\"http:\/\/deixeviver.org.br\/site\/infos\/denuncias\/\">Saiba Mais<\/a>\n<form action=\"https:\/\/pagseguro.uol.com.br\/checkout\/v2\/donation.html\" method=\"post\"><\/form>\n<p><!-- FINAL FORMULARIO BOTAO PAGSEGURO --><\/p>\n<p><\/p><\/div><br class=\"nc\"><div class=\"col-xs-4\">\n<h3>Voluntariado<\/h3>\n<p><img decoding=\"async\" loading=\"lazy\" class=\" size-full wp-image-1392 alignnone\" src=\"http:\/\/deixeviver.org.br\/site\/wp-content\/uploads\/2014\/11\/img021.png\" alt=\"img02\" width=\"253\" height=\"140\"\/><\/p>\n<p>Colabore com a nossa causa.&nbsp;Voc\u00ea pode ajudar a <span style=\"color: #000000;\"><strong>Deixe Viver<\/strong><\/span> dedicando algumas horas da sua semana.<\/p>\n<a class=\"btn btn-md btn-info\" href=\"http:\/\/deixeviver.org.br\/site\/infos\/voluntariado\/\">Saiba Mais<\/a>\n<p><\/p><\/div><\/p>\n<div class=\"col-xs-4\">\n<h3>Novidades<\/h3>\n<p><img decoding=\"async\" loading=\"lazy\" class=\"alignnone size-full wp-image-167\" src=\"http:\/\/deixeviver.org.br\/site\/wp-content\/uploads\/2014\/11\/img03.png\" alt=\"img03\" width=\"253\" height=\"140\"\/><\/p>\n<p>Agora voc\u00ea fica por dentro das&nbsp;novidades da Deixe Viver. A nossa &nbsp;&#8216;News&#8217; traz as \u00faltimas not\u00edcias sobre a nossa ONG.<\/p>\n<p><a class=\"btn btn-md btn-info\" href=\"http:\/\/deixeviver.org.br\/site\/category\/novidades\/\">Saiba Mais<\/a><\/p>\n<p><\/p><\/div>\n<p><a href=\"http:\/\/deixeviver.org.br\/site\/wp-content\/uploads\/2014\/11\/13.png\">&nbsp;<\/a><\/p>\n<div dir=\"auto\" style=\"text-align: center;\"><\/div>\n<div dir=\"auto\" style=\"text-align: center;\"><a href=\"http:\/\/deixeviver.org.br\/site\/wp-content\/uploads\/2014\/11\/dias-frasesgrato.png\"><img decoding=\"async\" loading=\"lazy\" class=\"aligncenter size-full wp-image-2038\" src=\"http:\/\/deixeviver.org.br\/site\/wp-content\/uploads\/2014\/11\/dias-frasesgrato.png\" alt=\"dias-frasesgrato\" width=\"500\" height=\"500\" srcset=\"https:\/\/deixeviver.org.br\/site\/wp-content\/uploads\/2014\/11\/dias-frasesgrato.png 500w, https:\/\/deixeviver.org.br\/site\/wp-content\/uploads\/2014\/11\/dias-frasesgrato-150x150.png 150w, https:\/\/deixeviver.org.br\/site\/wp-content\/uploads\/2014\/11\/dias-frasesgrato-300x300.png 300w, https:\/\/deixeviver.org.br\/site\/wp-content\/uploads\/2014\/11\/dias-frasesgrato-90x90.png 90w\" sizes=\"(max-width: 500px) 100vw, 500px\" \/><\/a><\/div>\n<div dir=\"auto\" style=\"text-align: center;\"><\/div>\n<p><a href=\"http:\/\/deixeviver.org.br\/site\/wp-content\/uploads\/2014\/11\/medalha3.png\">&nbsp;<\/a><\/p>\n<h3 style=\"text-align: center;\"><\/h3>\n<h3 style=\"text-align: center;\"><a href=\"http:\/\/deixeviver.org.br\/site\/category\/achadoseperdidos\/\"><img decoding=\"async\" loading=\"lazy\" class=\"aligncenter size-full wp-image-1423\" src=\"http:\/\/deixeviver.org.br\/site\/wp-content\/uploads\/2014\/11\/bannerachadosperdidos.png\" alt=\"bannerachadosperdidos\" width=\"800\" height=\"164\" srcset=\"https:\/\/deixeviver.org.br\/site\/wp-content\/uploads\/2014\/11\/bannerachadosperdidos.png 800w, https:\/\/deixeviver.org.br\/site\/wp-content\/uploads\/2014\/11\/bannerachadosperdidos-300x62.png 300w, https:\/\/deixeviver.org.br\/site\/wp-content\/uploads\/2014\/11\/bannerachadosperdidos-580x119.png 580w\" sizes=\"(max-width: 800px) 100vw, 800px\" \/><\/a><\/h3>\n<p><a href=\"http:\/\/deixeviver.org.br\/site\/infos\/castracao\/\"><img decoding=\"async\" loading=\"lazy\" class=\"aligncenter size-full wp-image-2103\" src=\"http:\/\/deixeviver.org.br\/site\/wp-content\/uploads\/2014\/11\/pagamentos.png\" alt=\"pagamentos\" width=\"835\" height=\"134\" srcset=\"https:\/\/deixeviver.org.br\/site\/wp-content\/uploads\/2014\/11\/pagamentos.png 835w, https:\/\/deixeviver.org.br\/site\/wp-content\/uploads\/2014\/11\/pagamentos-300x48.png 300w, https:\/\/deixeviver.org.br\/site\/wp-content\/uploads\/2014\/11\/pagamentos-580x93.png 580w\" sizes=\"(max-width: 835px) 100vw, 835px\" \/><\/a><\/p>\n<p><img decoding=\"async\" loading=\"lazy\" class=\" wp-image-102 size-full aligncenter\" src=\"http:\/\/deixeviver.org.br\/site\/wp-content\/uploads\/2014\/11\/bannerpedigree.png\" alt=\"bannerpedigree\" width=\"835\" height=\"134\" srcset=\"https:\/\/deixeviver.org.br\/site\/wp-content\/uploads\/2014\/11\/bannerpedigree.png 835w, https:\/\/deixeviver.org.br\/site\/wp-content\/uploads\/2014\/11\/bannerpedigree-300x48.png 300w, https:\/\/deixeviver.org.br\/site\/wp-content\/uploads\/2014\/11\/bannerpedigree-580x93.png 580w\" sizes=\"(max-width: 835px) 100vw, 835px\" \/><\/p>\n<div class='powr-hit-counter' label=''><\/div>\n","protected":false},"excerpt":{"rendered":"<p>A Deixe Viver A&nbsp; Associa\u00e7\u00e3o de prote\u00e7\u00e3o e valoriza\u00e7\u00e3o da vida animal \u2013 Deixe viver \u00e9 uma entidade ambientalista n\u00e3o governamental, sem fins lucrativos ou partid\u00e1rios, preocupada em combater a todas as formas a viol\u00eancia cometidas contra os animais e conscientizar a popula\u00e7\u00e3o sobre a guarda de um animal dom\u00e9stico. Seu projeto \u00e9 investir em [&#8230;]<\/p>\n","protected":false},"author":2,"featured_media":0,"parent":0,"menu_order":0,"comment_status":"closed","ping_status":"open","template":"page-statichomepage.php","meta":[],"_links":{"self":[{"href":"https:\/\/deixeviver.org.br\/site\/wp-json\/wp\/v2\/pages\/6"}],"collection":[{"href":"https:\/\/deixeviver.org.br\/site\/wp-json\/wp\/v2\/pages"}],"about":[{"href":"https:\/\/deixeviver.org.br\/site\/wp-json\/wp\/v2\/types\/page"}],"author":[{"embeddable":true,"href":"https:\/\/deixeviver.org.br\/site\/wp-json\/wp\/v2\/users\/2"}],"replies":[{"embeddable":true,"href":"https:\/\/deixeviver.org.br\/site\/wp-json\/wp\/v2\/comments?post=6"}],"version-history":[{"count":123,"href":"https:\/\/deixeviver.org.br\/site\/wp-json\/wp\/v2\/pages\/6\/revisions"}],"predecessor-version":[{"id":2625,"href":"https:\/\/deixeviver.org.br\/site\/wp-json\/wp\/v2\/pages\/6\/revisions\/2625"}],"wp:attachment":[{"href":"https:\/\/deixeviver.org.br\/site\/wp-json\/wp\/v2\/media?parent=6"}],"curies":[{"name":"wp","href":"https:\/\/api.w.org\/{rel}","templated":true}]}}