{"id":67,"date":"2014-11-06T13:55:24","date_gmt":"2014-11-06T13:55:24","guid":{"rendered":"http:\/\/deixeviver.org.br\/site\/?page_id=67"},"modified":"2022-02-12T09:24:58","modified_gmt":"2022-02-12T12:24:58","slug":"proximos-eventos","status":"publish","type":"page","link":"https:\/\/deixeviver.org.br\/site\/eventos\/proximos-eventos\/","title":{"rendered":"Pr\u00f3ximos Eventos"},"content":{"rendered":"<h3>Eventos<\/h3>\n<p>Confira nossa agenda de eventos:<\/p>\n<p>Somente podem adotar maiores de 18 anos.<\/p>\n<p>Documentos necess\u00e1rios:<\/p>\n<p>C\u00f3pia de CPF, RG e Comprovante de resid\u00eancia.<\/p>\n<p>Taxa de ado\u00e7\u00e3o R$100,00<\/p>\n<p>Todos os c\u00e3es e gatos s\u00e3o doados castrados e vacinados. Gatos s\u00f3 s\u00e3o doados para morarem em apartamento.<\/p>\n  \n\t<div class=\"opentimesbox well\">\n\t<table class=\"table\">\n\t<tbody>\n\t\t\t\t\t\t\t\t\t<\/tbody>\n<\/table>\t<\/div>\n   \n\n\n<p><\/p>\n","protected":false},"excerpt":{"rendered":"<p>Eventos Confira nossa agenda de eventos: Somente podem adotar maiores de 18 anos. Documentos necess\u00e1rios: C\u00f3pia de CPF, RG e Comprovante de resid\u00eancia. Taxa de ado\u00e7\u00e3o R$100,00 Todos os c\u00e3es e gatos s\u00e3o doados castrados e vacinados. Gatos s\u00f3 s\u00e3o doados para morarem em apartamento.<\/p>\n","protected":false},"author":1,"featured_media":0,"parent":28,"menu_order":0,"comment_status":"closed","ping_status":"open","template":"page-statichomepage.php","meta":[],"_links":{"self":[{"href":"https:\/\/deixeviver.org.br\/site\/wp-json\/wp\/v2\/pages\/67"}],"collection":[{"href":"https:\/\/deixeviver.org.br\/site\/wp-json\/wp\/v2\/pages"}],"about":[{"href":"https:\/\/deixeviver.org.br\/site\/wp-json\/wp\/v2\/types\/page"}],"author":[{"embeddable":true,"href":"https:\/\/deixeviver.org.br\/site\/wp-json\/wp\/v2\/users\/1"}],"replies":[{"embeddable":true,"href":"https:\/\/deixeviver.org.br\/site\/wp-json\/wp\/v2\/comments?post=67"}],"version-history":[{"count":6,"href":"https:\/\/deixeviver.org.br\/site\/wp-json\/wp\/v2\/pages\/67\/revisions"}],"predecessor-version":[{"id":2428,"href":"https:\/\/deixeviver.org.br\/site\/wp-json\/wp\/v2\/pages\/67\/revisions\/2428"}],"up":[{"embeddable":true,"href":"https:\/\/deixeviver.org.br\/site\/wp-json\/wp\/v2\/pages\/28"}],"wp:attachment":[{"href":"https:\/\/deixeviver.org.br\/site\/wp-json\/wp\/v2\/media?parent=67"}],"curies":[{"name":"wp","href":"https:\/\/api.w.org\/{rel}","templated":true}]}}