{"id":9,"date":"2022-04-22T02:50:14","date_gmt":"2022-04-22T05:50:14","guid":{"rendered":"http:\/\/deixeviver.org.br\/site\/?page_id=9"},"modified":"2022-04-22T02:50:14","modified_gmt":"2022-04-22T05:50:14","slug":"quem-somos","status":"publish","type":"page","link":"https:\/\/deixeviver.org.br\/site\/quem-somos\/","title":{"rendered":"Quem Somos"},"content":{"rendered":"<h3>Se n\u00e3o for agora, quando? Se n\u00e3o formos n\u00f3s, quem?<\/h3>\n<p>A\u00a0 Associa\u00e7\u00e3o de prote\u00e7\u00e3o e valoriza\u00e7\u00e3o da vida animal &#8211; Deixe viver \u00e9 uma entidade ambientalista n\u00e3o governamental, sem fins lucrativos ou partid\u00e1rios, preocupada em combater a todas as formas a viol\u00eancia cometidas contra os animais e conscientizar a popula\u00e7\u00e3o sobre a guarda de um animal dom\u00e9stico.<\/p>\n<p>Seu projeto \u00e9 investir em a\u00e7\u00f5es educativas junto a popula\u00e7\u00e3o, com o objetivo de oferecer uma forma\u00e7\u00e3o humana fundamentada no respeito \u00e0 vida. A educa\u00e7\u00e3o da comunidade sobre a guarda\u00a0sobre um animal de estima\u00e7\u00e3o \u00e9 a base do nosso trabalho, pois n\u00e3o basta apenas comprar ou adotar um animal, \u00e9 preciso conhecer seus direitos e acima de tudo, dar muito amor e carinho.<\/p>\n<p>E n\u00e3o s\u00f3 a viol\u00eancia nos preocupa. O abandono animais dom\u00e9sticos hoje \u00e9 um grande mal que atinge nossa sociedade. Animais que vivem nas ruas podem causar acidentes e disseminar doen\u00e7as, al\u00e9m de muitas vezes, mostrarem-se agressivos a qualquer tentativa de aproxima\u00e7\u00e3o o que os torna perigosos principalmente \u00e0s crian\u00e7as. Preocupada em evitar essa Situa\u00e7\u00e3o a Deixe viver castra (esteriliza), verm\u00edfuga e vacina, procura lares definitivos para todos os animais acolhidos pela institui\u00e7\u00e3o e por protetores que trabalham conosco.<\/p>\n<p>Nosso Objetivo \u00e9 interligar profissionais da sa\u00fade publica veterin\u00e1ria e a sociedade em geral para o aprimoramento das rela\u00e7\u00f5es homem \u2013 animal no munic\u00edpio de Guarulhos.<\/p>\n<h4>HIST\u00d3RICO<\/h4>\n<p>Em 12 de janeiro de 2004, um grupo de pessoas indignadas com o descaso e o abandono de animais dom\u00e9sticos em nossas ruas, se uniram com o objetivo de reverter esse caso e melhorar a receptividade dos mun\u00edcipes a causa dos animais fundado a ONG Deixe viver.<\/p>\n<h4>VIS\u00c3O<\/h4>\n<p>A Deixe Viver a credita na educa\u00e7\u00e3o como melhor caminho para proporcionar vida digna aos animais.<\/p>\n<h4>MISS\u00c3O<\/h4>\n<p>Coordenar e empreender a\u00e7\u00f5es junto \u00e0 sociedade civil e o poder p\u00fablico, visando otimizar e disponibilizar recursos (humanos e materiais) para reduzir o abandono, os maus tratos, o sacrif\u00edcio e a procria\u00e7\u00e3o sem controle dos animais dom\u00e9sticos em Guarulhos<\/p>\n<h4>VALORES<\/h4>\n<p>&#8211; Respeito \u00e0 vida<br \/>&#8211; Respeito ao meio ambiente<br \/>&#8211; Responsabilidade<br \/>&#8211; Credibilidade<br \/>&#8211; \u00c9tica<br \/>&#8211; Honestidade<br \/>&#8211; Mudan\u00e7a<br \/>&#8211; Persist\u00eancia e transpar\u00eancia<\/p>\n<h4>RECURSOS HUMANOS<\/h4>\n<p>Colaboradores, volunt\u00e1rios, veterin\u00e1rios,representantes do poder p\u00fablico, empres\u00e1rios, comerciantes e entidades afins.<\/p>\n<h4>RECURSOS FINANCEIROS \/ OBTEN\u00c7\u00c3O DE RECURSOS<\/h4>\n<p>1. doa\u00e7\u00e3o de pessoas f\u00edsica.<br \/>2. vendas de acess\u00f3rios ( camisetas)<br \/>3. Brech\u00f3<\/p>\n<p>E para que o trabalho n\u00e3o pare enquanto buscamos alcan\u00e7ar nossas metas, a Deixe Viver necessita de diferentes tipos de colabora\u00e7\u00f5es, tais como:<\/p>\n<p>Doa\u00e7\u00e3o de ra\u00e7\u00e3o para c\u00e3es e gatos;<br \/>Locais para feiras de ado\u00e7\u00f5es<br \/>Medicamentos e vacinas<br \/>Vasilhas para \u00e1gua e comida<br \/>Panos len\u00e7\u00f3is cobertores novos e usados.<br \/>Jornais<br \/>Casinhas e caixa de transporte para c\u00e3es e gatos;<br \/>Lares transit\u00f3rios.<br \/>Doa\u00e7\u00f5es de materiais diversos (para bingo, rifa, brech\u00f3, etc.)<br \/>(Patroc\u00ednio para confec\u00e7\u00f5es de camisetas, cartazes, brindes e afins)<\/p>\n<p>E as doa\u00e7\u00f5es se tornam ainda mais significativa se aliada ao trabalho volunt\u00e1rio de pessoas, empresas e institui\u00e7\u00f5es que simpatizam com a nossa causa e que lutam ao nosso lado pela VALORIZA\u00c7\u00c3O DA VIDA ANIMAL.<\/p>\n<h4>DEIXE VIVER COM DIGNIDADE.<\/h4>\n<p>Quem respeita o animal respeita a vida !!!<br \/>Associa\u00e7\u00e3o de Prote\u00e7\u00e3o e Valoriza\u00e7\u00e3o da Vida Animal DEIXE VIVER.<\/p>\n<p><a href=\"http:\/\/deixeviver.org.br\/site\/wp-content\/uploads\/2014\/11\/balanco.png\">\u00a0<\/a><\/p>\n\n\n<div class=\"wp-block-image\"><figure class=\"aligncenter size-large is-resized\"><a href=\"http:\/\/deixeviver.org.br\/site\/wp-content\/uploads\/2022\/04\/CASTRACOES-DE-1.png\"><img decoding=\"async\" loading=\"lazy\" src=\"http:\/\/deixeviver.org.br\/site\/wp-content\/uploads\/2022\/04\/CASTRACOES-DE-1-580x580.png\" alt=\"\" class=\"wp-image-2493\" width=\"307\" height=\"307\" srcset=\"https:\/\/deixeviver.org.br\/site\/wp-content\/uploads\/2022\/04\/CASTRACOES-DE-1-580x580.png 580w, https:\/\/deixeviver.org.br\/site\/wp-content\/uploads\/2022\/04\/CASTRACOES-DE-1-300x300.png 300w, https:\/\/deixeviver.org.br\/site\/wp-content\/uploads\/2022\/04\/CASTRACOES-DE-1-150x150.png 150w, https:\/\/deixeviver.org.br\/site\/wp-content\/uploads\/2022\/04\/CASTRACOES-DE-1-768x768.png 768w, https:\/\/deixeviver.org.br\/site\/wp-content\/uploads\/2022\/04\/CASTRACOES-DE-1-860x860.png 860w, https:\/\/deixeviver.org.br\/site\/wp-content\/uploads\/2022\/04\/CASTRACOES-DE-1-90x90.png 90w, https:\/\/deixeviver.org.br\/site\/wp-content\/uploads\/2022\/04\/CASTRACOES-DE-1.png 1080w\" sizes=\"(max-width: 307px) 100vw, 307px\" \/><\/a><\/figure><\/div>\n","protected":false},"excerpt":{"rendered":"<p>Se n\u00e3o for agora, quando? Se n\u00e3o formos n\u00f3s, quem? A\u00a0 Associa\u00e7\u00e3o de prote\u00e7\u00e3o e valoriza\u00e7\u00e3o da vida animal &#8211; Deixe viver \u00e9 uma entidade ambientalista n\u00e3o governamental, sem fins lucrativos ou partid\u00e1rios, preocupada em combater a todas as formas a viol\u00eancia cometidas contra os animais e conscientizar a popula\u00e7\u00e3o sobre a guarda de um [&#8230;]<\/p>\n","protected":false},"author":1,"featured_media":0,"parent":0,"menu_order":0,"comment_status":"closed","ping_status":"open","template":"","meta":[],"_links":{"self":[{"href":"https:\/\/deixeviver.org.br\/site\/wp-json\/wp\/v2\/pages\/9"}],"collection":[{"href":"https:\/\/deixeviver.org.br\/site\/wp-json\/wp\/v2\/pages"}],"about":[{"href":"https:\/\/deixeviver.org.br\/site\/wp-json\/wp\/v2\/types\/page"}],"author":[{"embeddable":true,"href":"https:\/\/deixeviver.org.br\/site\/wp-json\/wp\/v2\/users\/1"}],"replies":[{"embeddable":true,"href":"https:\/\/deixeviver.org.br\/site\/wp-json\/wp\/v2\/comments?post=9"}],"version-history":[{"count":8,"href":"https:\/\/deixeviver.org.br\/site\/wp-json\/wp\/v2\/pages\/9\/revisions"}],"predecessor-version":[{"id":2496,"href":"https:\/\/deixeviver.org.br\/site\/wp-json\/wp\/v2\/pages\/9\/revisions\/2496"}],"wp:attachment":[{"href":"https:\/\/deixeviver.org.br\/site\/wp-json\/wp\/v2\/media?parent=9"}],"curies":[{"name":"wp","href":"https:\/\/api.w.org\/{rel}","templated":true}]}}